{"id":9684,"date":"2022-11-10T10:03:15","date_gmt":"2022-11-10T09:03:15","guid":{"rendered":"https:\/\/forogogoa.org\/un-encuentro-post-conferencias\/"},"modified":"2025-12-15T16:39:42","modified_gmt":"2025-12-15T15:39:42","slug":"un-encuentro-post-conferencias","status":"publish","type":"page","link":"https:\/\/forogogoa.org\/eu\/un-encuentro-post-conferencias\/","title":{"rendered":"Hitzaldi ondoko topaketa"},"content":{"rendered":"\t\t<div data-elementor-type=\"wp-page\" data-elementor-id=\"9684\" class=\"elementor elementor-9684\" data-elementor-post-type=\"page\">\n\t\t\t\t\t\t<section class=\"elementor-section elementor-top-section elementor-element elementor-element-635c30c1 elementor-section-height-min-height elementor-section-content-middle elementor-section-boxed elementor-section-height-default elementor-section-items-middle\" data-id=\"635c30c1\" data-element_type=\"section\" data-settings=\"{&quot;background_background&quot;:&quot;classic&quot;}\">\n\t\t\t\t\t\t\t<div class=\"elementor-background-overlay\"><\/div>\n\t\t\t\t\t\t\t<div class=\"elementor-container elementor-column-gap-no\">\n\t\t\t\t\t<div class=\"elementor-column elementor-col-100 elementor-top-column elementor-element elementor-element-504c3f97\" data-id=\"504c3f97\" data-element_type=\"column\" data-settings=\"{&quot;background_background&quot;:&quot;classic&quot;}\">\n\t\t\t<div class=\"elementor-widget-wrap elementor-element-populated\">\n\t\t\t\t\t\t<div class=\"elementor-element elementor-element-32ef13c5 elementor-widget elementor-widget-heading\" data-id=\"32ef13c5\" data-element_type=\"widget\" data-widget_type=\"heading.default\">\n\t\t\t\t<div class=\"elementor-widget-container\">\n\t\t\t\t\t<h1 class=\"elementor-heading-title elementor-size-default\">TALDEKAKO SOLASALDIRAKO LAGUNTZA<\/h1>\t\t\t\t<\/div>\n\t\t\t\t<\/div>\n\t\t\t\t<div class=\"elementor-element elementor-element-714046c elementor-widget elementor-widget-text-editor\" data-id=\"714046c\" data-element_type=\"widget\" data-widget_type=\"text-editor.default\">\n\t\t\t\t<div class=\"elementor-widget-container\">\n\t\t\t\t\t\t\t\t\t<p>Gogoa Foroak 2025-2026 ikasturte berri honetan Konferentzietan interesa duten TALDEEN zerbitzura egongo den tresna bat proposatzen du.<\/p>\t\t\t\t\t\t\t\t<\/div>\n\t\t\t\t<\/div>\n\t\t\t\t<div class=\"elementor-element elementor-element-1c1d006 elementor-widget elementor-widget-text-editor\" data-id=\"1c1d006\" data-element_type=\"widget\" data-widget_type=\"text-editor.default\">\n\t\t\t\t<div class=\"elementor-widget-container\">\n\t\t\t\t\t\t\t\t\t<p><span style=\"color: #ffff00;\"><strong>Babesak eskuragarri konferentziaren hurrengo ASTEAZKENEAN. Web orri honetatik deskarga daiteke, ikus beherago.<\/strong><\/span><\/p>\t\t\t\t\t\t\t\t<\/div>\n\t\t\t\t<\/div>\n\t\t\t\t<div class=\"elementor-element elementor-element-99ffff3 elementor-widget elementor-widget-heading\" data-id=\"99ffff3\" data-element_type=\"widget\" data-widget_type=\"heading.default\">\n\t\t\t\t<div class=\"elementor-widget-container\">\n\t\t\t\t\t<h1 class=\"elementor-heading-title elementor-size-default\">\n<\/h1>\t\t\t\t<\/div>\n\t\t\t\t<\/div>\n\t\t\t\t\t<\/div>\n\t\t<\/div>\n\t\t\t\t\t<\/div>\n\t\t<\/section>\n\t\t\t\t<section class=\"elementor-section elementor-top-section elementor-element elementor-element-ba267f1 elementor-reverse-tablet elementor-reverse-mobile elementor-section-boxed elementor-section-height-default elementor-section-height-default\" data-id=\"ba267f1\" data-element_type=\"section\" id=\"colabora\" data-settings=\"{&quot;background_background&quot;:&quot;classic&quot;}\">\n\t\t\t\t\t\t\t<div class=\"elementor-background-overlay\"><\/div>\n\t\t\t\t\t\t\t<div class=\"elementor-container elementor-column-gap-no\">\n\t\t\t\t\t<div class=\"elementor-column elementor-col-100 elementor-top-column elementor-element elementor-element-3236aada\" data-id=\"3236aada\" data-element_type=\"column\" data-settings=\"{&quot;background_background&quot;:&quot;classic&quot;}\">\n\t\t\t<div class=\"elementor-widget-wrap elementor-element-populated\">\n\t\t\t\t\t\t<section class=\"elementor-section elementor-inner-section elementor-element elementor-element-315bf9c8 elementor-section-boxed elementor-section-height-default elementor-section-height-default\" data-id=\"315bf9c8\" data-element_type=\"section\">\n\t\t\t\t\t\t<div class=\"elementor-container elementor-column-gap-default\">\n\t\t\t\t\t<div class=\"elementor-column elementor-col-33 elementor-inner-column elementor-element elementor-element-389a0d33\" data-id=\"389a0d33\" data-element_type=\"column\">\n\t\t\t<div class=\"elementor-widget-wrap elementor-element-populated\">\n\t\t\t\t\t\t<div class=\"elementor-element elementor-element-63aa50d premium-type-column elementor-widget elementor-widget-premium-icon-list\" data-id=\"63aa50d\" data-element_type=\"widget\" data-settings=\"{&quot;rbadges_repeater&quot;:[]}\" data-widget_type=\"premium-icon-list.default\">\n\t\t\t\t<div class=\"elementor-widget-container\">\n\t\t\t\t\t\t\t\t<ul class=\"premium-bullet-list-box\">\r\n\t\t\r\n\t\t\t<li class=\"premium-bullet-list-content elementor-repeater-item-f8f7e58\">\r\n\t\t\t\t<div class=\"premium-bullet-list-text\">\r\n\t\t\t\t\t\t\t\t<div class=\"premium-bullet-list-wrapper\">\r\n\t\t\t\t\t<div class=\"premium-drawable-icon\"><i class=\"premium-svg-nodraw fas fa-circle\" aria-hidden=\"true\"><\/i><\/div>\t\t\t\t<\/div>\r\n\t\t\t\t\t\t\t\t<div class=\"premium-bullet-list-text-wrapper\">\r\n\t\t\t\t\t<span class=\"premium-bullet-text\" data-text=\"Konferentzia bakoitzaren ondorengo solasaldiak aberastasun handiko espazioak direla egiaztatu dugu, bertaratuek egindako ekarpenen aniztasunagatik eta intentsitateagatik.\"> Konferentzia bakoitzaren ondorengo solasaldiak aberastasun handiko espazioak direla egiaztatu dugu, bertaratuek egindako ekarpenen aniztasunagatik eta intentsitateagatik. <\/span>\t\t\t\t\t\t\t\t\t<\/div>\r\n\t\t\t\t<\/div>\r\n\r\n\t\t\t\t\r\n\t\t\t\t\r\n\t\t\t<\/li>\r\n\r\n\t\t\t\t\r\n\t\t\t<li class=\"premium-bullet-list-content elementor-repeater-item-faed2bf\">\r\n\t\t\t\t<div class=\"premium-bullet-list-text\">\r\n\t\t\t\t\t\t\t\t<div class=\"premium-bullet-list-wrapper\">\r\n\t\t\t\t\t<div class=\"premium-drawable-icon\"><i class=\"premium-svg-nodraw fas fa-circle\" aria-hidden=\"true\"><\/i><\/div>\t\t\t\t<\/div>\r\n\t\t\t\t\t\t\t\t<div class=\"premium-bullet-list-text-wrapper\">\r\n\t\t\t\t\t<span class=\"premium-bullet-text\" data-text=\"Badakigu pertsona askok beren ideiak, galderak edo proposamenak emango lituzketela, baina talde handiaren esparruan apur bat hertsatuta sentitzen dira.\"> Badakigu pertsona askok beren ideiak, galderak edo proposamenak emango lituzketela, baina talde handiaren esparruan apur bat hertsatuta sentitzen dira. <\/span>\t\t\t\t\t\t\t\t\t<\/div>\r\n\t\t\t\t<\/div>\r\n\r\n\t\t\t\t\r\n\t\t\t\t\r\n\t\t\t<\/li>\r\n\r\n\t\t\t\t\r\n\t\t\t<li class=\"premium-bullet-list-content elementor-repeater-item-ddeef27\">\r\n\t\t\t\t<div class=\"premium-bullet-list-text\">\r\n\t\t\t\t\t\t\t\t<div class=\"premium-bullet-list-wrapper\">\r\n\t\t\t\t\t<div class=\"premium-drawable-icon\"><i class=\"premium-svg-nodraw fas fa-circle\" aria-hidden=\"true\"><\/i><\/div>\t\t\t\t<\/div>\r\n\t\t\t\t\t\t\t\t<div class=\"premium-bullet-list-text-wrapper\">\r\n\t\t\t\t\t<span class=\"premium-bullet-text\" data-text=\"Gogoa Foroko hitzaldiren bat onartzeko interesa duten TALDE batzuen eskaria jaso dugu, bileretako batean sakontzeko.\"> Gogoa Foroko hitzaldiren bat onartzeko interesa duten TALDE batzuen eskaria jaso dugu, bileretako batean sakontzeko. <\/span>\t\t\t\t\t\t\t\t\t<\/div>\r\n\t\t\t\t<\/div>\r\n\r\n\t\t\t\t\r\n\t\t\t\t\r\n\t\t\t<\/li>\r\n\r\n\t\t\t\t\t\t<\/ul>\r\n\t\t\t\t\t\t<\/div>\n\t\t\t\t<\/div>\n\t\t\t\t\t<\/div>\n\t\t<\/div>\n\t\t\t\t<div class=\"elementor-column elementor-col-66 elementor-inner-column elementor-element elementor-element-6ab015bd\" data-id=\"6ab015bd\" data-element_type=\"column\" data-settings=\"{&quot;background_background&quot;:&quot;classic&quot;}\">\n\t\t\t<div class=\"elementor-widget-wrap elementor-element-populated\">\n\t\t\t\t\t\t<div class=\"elementor-element elementor-element-0c663ab elementor-widget elementor-widget-text-editor\" data-id=\"0c663ab\" data-element_type=\"widget\" data-widget_type=\"text-editor.default\">\n\t\t\t\t<div class=\"elementor-widget-container\">\n\t\t\t\t\t\t\t\t\t<p><strong>HITZALDIA:<\/strong><strong>\u201cFRANTZISKOTIK LEON XIV.era: doinu partekatu baten <br \/>ahotsdesberdinak\u201d.<br \/><\/strong><strong>HIZLARIA:<\/strong><strong>JOSE MANUEL VIDAL, <\/strong><strong>lizentziaduna Teologian eta Soziologian,\u00a0 <br \/>\u00a0\u00a0\u00a0\u00a0\u00a0\u00a0\u00a0\u00a0\u00a0\u00a0\u00a0\u00a0\u00a0\u00a0 doktorea Kazetaritzan, eta <em>Religi\u00f3n Digital<\/em>en fundatzaile eta zuzendaria.<\/strong><strong><br \/><br \/><\/strong><\/p><p><strong>Eguna:\u00a0\u00a0\u00a0 2025eko abenduaren 10a, asteazkena<\/strong><\/p>\t\t\t\t\t\t\t\t<\/div>\n\t\t\t\t<\/div>\n\t\t\t\t<div class=\"elementor-element elementor-element-438458cc elementor-position-left elementor-view-default elementor-mobile-position-top elementor-widget elementor-widget-icon-box\" data-id=\"438458cc\" data-element_type=\"widget\" data-widget_type=\"icon-box.default\">\n\t\t\t\t<div class=\"elementor-widget-container\">\n\t\t\t\t\t\t\t<div class=\"elementor-icon-box-wrapper\">\n\n\t\t\t\t\t\t<div class=\"elementor-icon-box-icon\">\n\t\t\t\t<span  class=\"elementor-icon\">\n\t\t\t\t<i aria-hidden=\"true\" class=\"fas fa-bullseye\"><\/i>\t\t\t\t<\/span>\n\t\t\t<\/div>\n\t\t\t\n\t\t\t\t\t\t<div class=\"elementor-icon-box-content\">\n\n\t\t\t\t\t\t\t\t\t<h5 class=\"elementor-icon-box-title\">\n\t\t\t\t\t\t<span  >\n\t\t\t\t\t\t\tTopaketarako gida dokumentu bat:\t\t\t\t\t\t<\/span>\n\t\t\t\t\t<\/h5>\n\t\t\t\t\n\t\t\t\t\n\t\t\t<\/div>\n\t\t\t\n\t\t<\/div>\n\t\t\t\t\t\t<\/div>\n\t\t\t\t<\/div>\n\t\t\t\t<div class=\"elementor-element elementor-element-cbe935a elementor-widget elementor-widget-text-editor\" data-id=\"cbe935a\" data-element_type=\"widget\" data-widget_type=\"text-editor.default\">\n\t\t\t\t<div class=\"elementor-widget-container\">\n\t\t\t\t\t\t\t\t\t<p>Lehen gako batzuk adibide gisa<\/p><p><br \/><strong><em>Sobre algunos aspectos hist\u00f3ricos e internos de la Iglesia, Jos\u00e9 Manuel Vidal, coment\u00f3: <\/em><\/strong><\/p><p><strong><em>\u00a0<\/em><\/strong><\/p><p>1 Creo que si si no hubi\u00e9semos tenido el Vaticano II estar\u00edamos en estos momentos casi como los musulmanes.Al Islam le est\u00e1 costando mucho m\u00e1s precisamente porque no tienen un Papa y, adem\u00e1s, no han podido celebrar una asamblea de refundaci\u00f3n, de acoplamiento con el mundo moderno.<\/p><p>\u00a0<\/p><p>2 Ya sab\u00e9is que la iglesia funciona por ciclos. Los movimientos pendulares en la iglesia no son r\u00e1pidos, van van muy despacio y van de un ciclo a otro ciclo. Tuvimos el ciclo del Concilio con Juan XXIII y vinoun ciclo abierto, un ciclo progresista, un ciclo de refundaci\u00f3n, un ciclo de ventanas abiertas, de puertas abiertas, un ciclo con los signos de los tiempos, un ciclo en el que los que ya viv\u00edamos en aquella \u00e9poca nos sent\u00edamos orgullosos de de de de un papa como Pablo VI que concret\u00f3 y deaquel papa bueno que tuvo esa intuici\u00f3n genial de del Vaticano II.<\/p><p>\u00a0<\/p><p>3 Despu\u00e9s vino otro ciclo mucho m\u00e1s oscuro, mucho m\u00e1s sombr\u00edo, mucho m\u00e1s reglado con Juan Pablo I, con Juan Pablo II y con Benedicto XVI. Ese fue el ciclo r\u00edgido, el ciclo conservador, muy marcado, con con mucha gente sufriendo much\u00edsimo en las parroquias, los curas, sobre todo los te\u00f3logos.<\/p><p>\u00a0<\/p><p>4 La curia yo creo que es el mal de la Iglesia, uno de los grandes c\u00e1nceres de la Iglesia es la curia romana. Es como una especie de mafia de lo sagrado, de clero arrivista, carrerista, que ha ido haciendo carrera para situarse en el coraz\u00f3n de la estructura vaticana y condicionar al Papa de tal forma que ellos siempre dicen que los papas pasan y la curia permanece&#8230;<\/p><p>.<\/p>\t\t\t\t\t\t\t\t<\/div>\n\t\t\t\t<\/div>\n\t\t\t\t<div class=\"elementor-element elementor-element-11d84a17 elementor-position-left elementor-view-default elementor-mobile-position-top elementor-widget elementor-widget-icon-box\" data-id=\"11d84a17\" data-element_type=\"widget\" data-widget_type=\"icon-box.default\">\n\t\t\t\t<div class=\"elementor-widget-container\">\n\t\t\t\t\t\t\t<div class=\"elementor-icon-box-wrapper\">\n\n\t\t\t\t\t\t<div class=\"elementor-icon-box-icon\">\n\t\t\t\t<span  class=\"elementor-icon\">\n\t\t\t\t<i aria-hidden=\"true\" class=\"fas fa-bullseye\"><\/i>\t\t\t\t<\/span>\n\t\t\t<\/div>\n\t\t\t\n\t\t\t\t\t\t<div class=\"elementor-icon-box-content\">\n\n\t\t\t\t\t\t\t\t\t<h5 class=\"elementor-icon-box-title\">\n\t\t\t\t\t\t<span  >\n\t\t\t\t\t\t\tFOROKO SOLASALDIRAKO GIDA\t\t\t\t\t\t<\/span>\n\t\t\t\t\t<\/h5>\n\t\t\t\t\n\t\t\t\t\n\t\t\t<\/div>\n\t\t\t\n\t\t<\/div>\n\t\t\t\t\t\t<\/div>\n\t\t\t\t<\/div>\n\t\t\t\t<div class=\"elementor-element elementor-element-2d2a1fd elementor-widget elementor-widget-button\" data-id=\"2d2a1fd\" data-element_type=\"widget\" data-widget_type=\"button.default\">\n\t\t\t\t<div class=\"elementor-widget-container\">\n\t\t\t\t\t\t\t\t\t<div class=\"elementor-button-wrapper\">\n\t\t\t\t\t<a class=\"elementor-button elementor-button-link elementor-size-sm\" href=\"https:\/\/forogogoa.org\/wp-content\/uploads\/2025\/12\/Pildoras-conferencia-Jose-Manuel-Vidal-1.pdf\" target=\"_blank\">\n\t\t\t\t\t\t<span class=\"elementor-button-content-wrapper\">\n\t\t\t\t\t\t\t\t\t<span class=\"elementor-button-text\">Hizlariak bere hitzaldian egindako proposamen batzuk<\/span>\n\t\t\t\t\t<\/span>\n\t\t\t\t\t<\/a>\n\t\t\t\t<\/div>\n\t\t\t\t\t\t\t\t<\/div>\n\t\t\t\t<\/div>\n\t\t\t\t<div class=\"elementor-element elementor-element-ba82575 elementor-position-left elementor-view-default elementor-mobile-position-top elementor-widget elementor-widget-icon-box\" data-id=\"ba82575\" data-element_type=\"widget\" data-widget_type=\"icon-box.default\">\n\t\t\t\t<div class=\"elementor-widget-container\">\n\t\t\t\t\t\t\t<div class=\"elementor-icon-box-wrapper\">\n\n\t\t\t\t\t\t<div class=\"elementor-icon-box-icon\">\n\t\t\t\t<span  class=\"elementor-icon\">\n\t\t\t\t<i aria-hidden=\"true\" class=\"fas fa-bullseye\"><\/i>\t\t\t\t<\/span>\n\t\t\t<\/div>\n\t\t\t\n\t\t\t\t\t\t<div class=\"elementor-icon-box-content\">\n\n\t\t\t\t\t\t\t\t\t<h5 class=\"elementor-icon-box-title\">\n\t\t\t\t\t\t<span  >\n\t\t\t\t\t\t\tEmaten ari diren urrats zehatzak\t\t\t\t\t\t<\/span>\n\t\t\t\t\t<\/h5>\n\t\t\t\t\n\t\t\t\t\n\t\t\t<\/div>\n\t\t\t\n\t\t<\/div>\n\t\t\t\t\t\t<\/div>\n\t\t\t\t<\/div>\n\t\t\t\t\t<\/div>\n\t\t<\/div>\n\t\t\t\t\t<\/div>\n\t\t<\/section>\n\t\t\t\t\t<\/div>\n\t\t<\/div>\n\t\t\t\t\t<\/div>\n\t\t<\/section>\n\t\t<div class=\"elementor-element elementor-element-f39b547 e-flex e-con-boxed e-con e-parent\" data-id=\"f39b547\" data-element_type=\"container\">\n\t\t\t\t\t<div class=\"e-con-inner\">\n\t\t\t\t<div class=\"elementor-element elementor-element-d6787ac elementor-widget elementor-widget-text-editor\" data-id=\"d6787ac\" data-element_type=\"widget\" data-widget_type=\"text-editor.default\">\n\t\t\t\t<div class=\"elementor-widget-container\">\n\t\t\t\t\t\t\t\t\t<p>Lorem ipsum dolor sit amet, consectetur adipiscing elit. Ut elit tellus, luctus nec ullamcorper mattis, pulvinar dapibus leo.<\/p>\t\t\t\t\t\t\t\t<\/div>\n\t\t\t\t<\/div>\n\t\t\t\t\t<\/div>\n\t\t\t\t<\/div>\n\t\t\t\t<\/div>\n\t\t","protected":false},"excerpt":{"rendered":"<p>TALDEKAKO SOLASALDIRAKO LAGUNTZA Gogoa Foroak 2025-2026 ikasturte berri honetan Konferentzietan interesa duten TALDEEN zerbitzura egongo den tresna bat proposatzen du. Babesak eskuragarri konferentziaren hurrengo ASTEAZKENEAN. Web orri honetatik deskarga daiteke, ikus beherago. Konferentzia bakoitzaren ondorengo solasaldiak aberastasun handiko espazioak direla egiaztatu dugu, bertaratuek egindako ekarpenen aniztasunagatik eta intentsitateagatik. Badakigu pertsona askok beren ideiak, galderak edo [&hellip;]<\/p>\n","protected":false},"author":1,"featured_media":0,"parent":0,"menu_order":0,"comment_status":"closed","ping_status":"closed","template":"","meta":{"_acf_changed":false,"footnotes":""},"class_list":["post-9684","page","type-page","status-publish","hentry"],"acf":[],"_links":{"self":[{"href":"https:\/\/forogogoa.org\/eu\/wp-json\/wp\/v2\/pages\/9684","targetHints":{"allow":["GET"]}}],"collection":[{"href":"https:\/\/forogogoa.org\/eu\/wp-json\/wp\/v2\/pages"}],"about":[{"href":"https:\/\/forogogoa.org\/eu\/wp-json\/wp\/v2\/types\/page"}],"author":[{"embeddable":true,"href":"https:\/\/forogogoa.org\/eu\/wp-json\/wp\/v2\/users\/1"}],"replies":[{"embeddable":true,"href":"https:\/\/forogogoa.org\/eu\/wp-json\/wp\/v2\/comments?post=9684"}],"version-history":[{"count":299,"href":"https:\/\/forogogoa.org\/eu\/wp-json\/wp\/v2\/pages\/9684\/revisions"}],"predecessor-version":[{"id":15505,"href":"https:\/\/forogogoa.org\/eu\/wp-json\/wp\/v2\/pages\/9684\/revisions\/15505"}],"wp:attachment":[{"href":"https:\/\/forogogoa.org\/eu\/wp-json\/wp\/v2\/media?parent=9684"}],"curies":[{"name":"wp","href":"https:\/\/api.w.org\/{rel}","templated":true}]}}