{"id":7960,"date":"2014-09-23T12:08:00","date_gmt":"2014-09-23T10:08:00","guid":{"rendered":"https:\/\/forogogoa.org\/lege-oharra\/"},"modified":"2022-09-27T17:50:47","modified_gmt":"2022-09-27T15:50:47","slug":"aviso-legal","status":"publish","type":"page","link":"https:\/\/forogogoa.org\/eu\/aviso-legal\/","title":{"rendered":"Lege-oharra"},"content":{"rendered":"\t\t<div data-elementor-type=\"wp-page\" data-elementor-id=\"7960\" class=\"elementor elementor-7960\" data-elementor-post-type=\"page\">\n\t\t\t\t\t\t<section class=\"elementor-section elementor-top-section elementor-element elementor-element-3b9292ac elementor-section-height-min-height elementor-section-content-middle elementor-section-boxed elementor-section-height-default elementor-section-items-middle\" data-id=\"3b9292ac\" data-element_type=\"section\" data-settings=\"{&quot;background_background&quot;:&quot;classic&quot;}\">\n\t\t\t\t\t\t\t<div class=\"elementor-background-overlay\"><\/div>\n\t\t\t\t\t\t\t<div class=\"elementor-container elementor-column-gap-no\">\n\t\t\t\t\t<div class=\"elementor-column elementor-col-100 elementor-top-column elementor-element elementor-element-7eb35a94\" data-id=\"7eb35a94\" data-element_type=\"column\" data-settings=\"{&quot;background_background&quot;:&quot;classic&quot;}\">\n\t\t\t<div class=\"elementor-widget-wrap elementor-element-populated\">\n\t\t\t\t\t\t<div class=\"elementor-element elementor-element-9c3cd2 elementor-widget elementor-widget-heading\" data-id=\"9c3cd2\" data-element_type=\"widget\" data-widget_type=\"heading.default\">\n\t\t\t\t<div class=\"elementor-widget-container\">\n\t\t\t\t\t<h1 class=\"elementor-heading-title elementor-size-default\">Lege-oharra<\/h1>\t\t\t\t<\/div>\n\t\t\t\t<\/div>\n\t\t\t\t\t<\/div>\n\t\t<\/div>\n\t\t\t\t\t<\/div>\n\t\t<\/section>\n\t\t\t\t<section class=\"elementor-section elementor-top-section elementor-element elementor-element-3f38d050 elementor-section-boxed elementor-section-height-default elementor-section-height-default\" data-id=\"3f38d050\" data-element_type=\"section\">\n\t\t\t\t\t\t<div class=\"elementor-container elementor-column-gap-default\">\n\t\t\t\t\t<div class=\"elementor-column elementor-col-100 elementor-top-column elementor-element elementor-element-2d721d42\" data-id=\"2d721d42\" data-element_type=\"column\">\n\t\t\t<div class=\"elementor-widget-wrap elementor-element-populated\">\n\t\t\t\t\t\t<div class=\"elementor-element elementor-element-6899dec5 elementor-widget elementor-widget-text-editor\" data-id=\"6899dec5\" data-element_type=\"widget\" data-widget_type=\"text-editor.default\">\n\t\t\t\t<div class=\"elementor-widget-container\">\n\t\t\t\t\t\t\t\t\t<p>En cumplimiento de la Ley 34\/2002 de 11 de julio, de Servicios de la Sociedad de la Informaci\u00f3n y del Comercio Electr\u00f3nico le comunicamos la siguiente informaci\u00f3n:<\/p><p><strong>Titular de este sitio<\/strong>: Foro GOGOA<br \/>Apartado de Correos 1097<br \/>1080 Pamplona \u2013 Iru\u00f1ea<br \/>Pedro Mal\u00f3n de Chaide 13 bajo<br \/>31008 Pamplona \u2013 Iru\u00f1ea<br \/><strong>Email<\/strong>: gogoaforoa@gmail.com<br \/><strong>CIF<\/strong>:<\/p><p><strong>Foro GOGOA<\/strong> pone esta web a disposici\u00f3n de los usuarios de Internet, con el fin tanto de proporcionar informaci\u00f3n sobre los productos o servicios ofrecidos por ella, as\u00ed como permitir a los usuarios realizar cualquier tipo de consulta o sugerencia a trav\u00e9s de correo postal a la direcci\u00f3n arriba indicada o a trav\u00e9s de esta p\u00e1gina web.<\/p><p>Los criterios seguidos por\u00a0<strong>Foro GOGOA<\/strong> respecto a la utilizaci\u00f3n de los datos personales facilitados libre y voluntariamente por los usuarios, son los que se mencionan en su Pol\u00edtica de privacidad.<\/p><p><strong>Foro GOGOA<\/strong>\u00a0no se responsabiliza de los da\u00f1os directos o indirectos que puedan derivarse del uso de la p\u00e1gina web o sus contenidos. Tampoco se hace responsable de los da\u00f1os inform\u00e1ticos inclusive virus que pudieran ocasionar al usuario visitante el acceso a los contenidos de este sitio.<\/p><p>El usuario se compromete a utilizar el web y sus contenidos correctamente. Queda prohibido el uso de la p\u00e1gina web con fines il\u00edcitos o lesivos contra la empresa o cualquier tercero, o aquellos que puedan causar perjuicio o impedir el normal funcionamiento del web. Si contraviene la legislaci\u00f3n vigente, la buena fe, usos, costumbres o el orden p\u00fablico el usuario ser\u00e1 el responsable.<\/p><p>Todo enlace de terceros a este sitio web debe hacerse a su p\u00e1gina principal, conforme a la buena fe y respetando los derechos del titular, debiendo comunicarse previamente a <strong>Foro GOGOA<\/strong>.<\/p><p>La funci\u00f3n de los v\u00ednculos o enlaces que desde esta p\u00e1gina se establecen a otros sitios web es exclusivamente la de informar al usuario sobre la existencia de otras fuentes de informaci\u00f3n sobre la materia en Internet, donde podr\u00e1 ampliar los datos ofrecidos en este web. <strong>Foro GOGOA<\/strong> no es responsable del contenido de los mismos.<\/p><p>Todos los contenidos que se muestran en este sitio web y en especial, dise\u00f1os, textos, logos, marcas, botones o cualesquiera otros signos susceptibles de utilizaci\u00f3n industrial y comercial est\u00e1n sujetos a derechos de propiedad intelectual e industrial de <strong>Foro GOGOA<\/strong>.<\/p><p>Queda expresamente prohibido cualquier aprovechamiento de los contenidos del sitio web a favor de terceros si no est\u00e1 autorizado.<\/p><p>En caso de que quiera formular alguna sugerencia o comentario puede contactar con nosotros a trav\u00e9s de un correo electr\u00f3nico a info@forogogoa.org<\/p><p>De acuerdo a lo establecido en la Ley Org\u00e1nica 15\/1999, de Protecci\u00f3n de Datos de Car\u00e1cter Personal, <strong>Foro GOGOA<\/strong> informa a los usuarios de que los datos personales recogidos ser\u00e1n tratados de forma secreta y confidencial, y su recogida tiene como finalidad la gesti\u00f3n y prestaci\u00f3n de los servicios ofrecidos por <strong>Foro GOGOA<\/strong> en cada momento. Los datos personales por el usuario facilitados no ser\u00e1n objeto de tratamiento en ficheros automatizados. No se realizar\u00e1 cesi\u00f3n de estos datos a terceros sin previo consentimiento de los usuarios. La aceptaci\u00f3n del usuario para que puedan ser tratados o cedidos sus datos, tiene siempre car\u00e1cter revocable, sin efectos retroactivos. Asimismo, y conforme a la mencionada ley sobre los datos personales, los usuarios podr\u00e1n ejercer los derechos de acceso, rectificaci\u00f3n, cancelaci\u00f3n, y en su caso, oposici\u00f3n, para lo cual deber\u00e1n enviar una carta a la siguiente direcci\u00f3n:<\/p><p><strong>Foro GOGOA<\/strong><br \/>Apartado de Correos 1097<br \/>1080 Pamplona \u2013 Iru\u00f1ea<br \/>Pedro Mal\u00f3n de Chaide 13 bajo<br \/>31008 Pamplona \u2013 Iru\u00f1ea<\/p>\t\t\t\t\t\t\t\t<\/div>\n\t\t\t\t<\/div>\n\t\t\t\t\t<\/div>\n\t\t<\/div>\n\t\t\t\t\t<\/div>\n\t\t<\/section>\n\t\t\t\t<\/div>\n\t\t","protected":false},"excerpt":{"rendered":"<p>Lege-oharra En cumplimiento de la Ley 34\/2002 de 11 de julio, de Servicios de la Sociedad de la Informaci\u00f3n y del Comercio Electr\u00f3nico le comunicamos la siguiente informaci\u00f3n: Titular de este sitio: Foro GOGOAApartado de Correos 10971080 Pamplona \u2013 Iru\u00f1eaPedro Mal\u00f3n de Chaide 13 bajo31008 Pamplona \u2013 Iru\u00f1eaEmail: gogoaforoa@gmail.comCIF: Foro GOGOA pone esta web a [&hellip;]<\/p>\n","protected":false},"author":1,"featured_media":0,"parent":0,"menu_order":0,"comment_status":"closed","ping_status":"closed","template":"","meta":{"_acf_changed":false,"footnotes":""},"class_list":["post-7960","page","type-page","status-publish","hentry"],"acf":[],"_links":{"self":[{"href":"https:\/\/forogogoa.org\/eu\/wp-json\/wp\/v2\/pages\/7960","targetHints":{"allow":["GET"]}}],"collection":[{"href":"https:\/\/forogogoa.org\/eu\/wp-json\/wp\/v2\/pages"}],"about":[{"href":"https:\/\/forogogoa.org\/eu\/wp-json\/wp\/v2\/types\/page"}],"author":[{"embeddable":true,"href":"https:\/\/forogogoa.org\/eu\/wp-json\/wp\/v2\/users\/1"}],"replies":[{"embeddable":true,"href":"https:\/\/forogogoa.org\/eu\/wp-json\/wp\/v2\/comments?post=7960"}],"version-history":[{"count":11,"href":"https:\/\/forogogoa.org\/eu\/wp-json\/wp\/v2\/pages\/7960\/revisions"}],"predecessor-version":[{"id":9328,"href":"https:\/\/forogogoa.org\/eu\/wp-json\/wp\/v2\/pages\/7960\/revisions\/9328"}],"wp:attachment":[{"href":"https:\/\/forogogoa.org\/eu\/wp-json\/wp\/v2\/media?parent=7960"}],"curies":[{"name":"wp","href":"https:\/\/api.w.org\/{rel}","templated":true}]}}